







{"id":493,"date":"2019-06-25T23:43:22","date_gmt":"2019-06-25T23:43:22","guid":{"rendered":"https:\/\/conceptahr.ro\/?page_id=493"},"modified":"2019-06-26T08:41:10","modified_gmt":"2019-06-26T08:41:10","slug":"politica-de-confidentialitate","status":"publish","type":"page","link":"https:\/\/conceptahr.ro\/ro\/politica-de-confidentialitate\/","title":{"rendered":"Politica de confiden\u021bialitate"},"content":{"rendered":"\n<h4 class=\"wp-block-heading\"><strong><em>Protec\u021bia datelor dumneavoastr\u0103 cu caracter personal este important\u0103 pentru noi, prin urmare acord\u0103m o aten\u021bie deosebit\u0103 protej\u0103rii datelor personale ale tuturor celor cu care derul\u0103m opera\u021biuni comerciale, precum \u0219i a vie\u021bii private a vizitatorilor care acceseaz\u0103 site-ul\u00a0<\/em><\/strong><a href=\"http:\/\/www.conceptahr.ro\/\"><strong><em>www.conceptahr.ro<\/em><\/strong><\/a><strong><em>, \u00een conformitate cu Regulamentul (UE) 2016\/679 al Parlamentului European \u0219i al Consiliului, din data de 27 aprilie 2016 \u00een ceea ce prive\u0219te prelucrarea datelor cu caracter personal \u0219i libera circula\u021bie a acestor date (\u201cGDPR\u201d).<\/em><\/strong><\/h4>\n\n\n\n<p>Pentru a \u00een\u021belege modul \u00een care sunt tratate datele dvs. personale, v\u0103 rug\u0103m s\u0103 citi\u021bi cu aten\u021bie noua noastr\u0103\u00a0<strong><a href=\"https:\/\/conceptahr.ro\/politica-de-confidentialitate\/\">Politic\u0103 de Confiden\u021bialitate<\/a><\/strong>. Prezenta <strong>Politic\u0103<\/strong> reprezint\u0103 modul \u00een care compania noastr\u0103 \u00een\u021belege \u0219i respect\u0103 principiile de protec\u021bie a datelor personale, precum \u0219i drepturile de care beneficia\u021bi cu privire la modul \u00een care informa\u021biile dumneavoastr\u0103 sunt utilizate \u00een cadrul activit\u0103\u021bii noastre.<\/p>\n\n\n\n<p>Prelucrarea datelor cu caracter personal efectuat\u0103 de\u00a0<strong><em>Concepta Ideal Solutions<\/em><\/strong> (<strong><a href=\"http:\/\/www.conceptahr.ro\">www.conceptahr.ro<\/a><\/strong>) se va realiza \u00eentotdeauna \u00een conformitate cu prevederile <strong><em><a href=\"https:\/\/www.dataprotectionromania.ro\">Regulamentului EU 679 \u2013 2016<\/a><\/em><\/strong>. Prin prezenta <strong>Politic\u0103 <\/strong>de protec\u021bie a prelucr\u0103rii datelor cu caracter personal dorim s\u0103 inform\u0103m to\u021bi clien\u021bii, partenerii \u0219i furnizorii no\u0219tri cu privire la natura datelor cu caracter personal pe care le colect\u0103m \u0219i le proces\u0103m, cu privire la scopurile acestei prelucr\u0103ri \u0219i drepturile de care beneficia\u021bi.<\/p>\n\n\n<p>\u00a0 \u00a0\u00a0<\/p>\n\n\n<p><strong>DREPTURI DE PROPRIETATE INTELECTUAL\u0102<\/strong><\/p>\n\n\n\n<p><strong>S.C. CONCEPTA IDEAL SOLUTIONS S.R.L.<\/strong> este proprietarul exclusiv al tuturor drepturilor de proprietate intelectual\u0103 referitoare la con\u021binutului acestui site, inclusiv, f\u0103r\u0103 a se limita la, articole, text, fotografii, ilustra\u021bii, muzic\u0103, clipuri audio \u0219i video, m\u0103rci comerciale, embleme \u0219i modele.<br>Nicio sec\u021biune din con\u021binutul de proprietate intelectual\u0103 al acestui site nu poate fi reprodus\u0103, distribuit\u0103 sau publicat\u0103 sub nici o form\u0103 sau prin niciun mijloc, f\u0103r\u0103 acordul prealabil scris al\u00a0<strong><em>Concepta Ideal Solutions<\/em><\/strong>. Prin urmare, vizitatorii site-ului trebuie s\u0103 \u00een\u021beleag\u0103 \u0219i s\u0103 consimt\u0103 s\u0103 nu modifice, s\u0103 v\u00e2nd\u0103, s\u0103 distribuie sau s\u0103 creeze lucr\u0103ri\/opere\/ derivate, pe baza imaginilor \u0219i a informa\u021biilor publicate pe acest site.<\/p>\n\n\n\n<p><strong>OPERATOR DE DATE CU CARACTER PERSONAL<\/strong><\/p>\n\n\n\n<p>Operatorul de date cu caracter personal este compania\u00a0<strong><em>S.C. CONCEPTA IDEAL SOLUTIONS S.R.L<\/em><\/strong>. (<strong><a href=\"http:\/\/www.conceptahr.ro\">www.conceptahr.ro<\/a><\/strong>), specializat\u0103 \u00een servicii de resurse umane, recrutare, executive search \u0219i head hunting, deservind clien\u021bi \u0219i candida\u021bi pentru toate pie\u021bele, av\u00e2nd sediul \u00een Strada\u00a0\u00a0Fabricii, nr 47 \u2013 Bucure\u0219ti, Romania<\/p>\n\n\n\n<p><strong>RESPONSABILUL CU PROTEC\u021aIA DATELOR<\/strong><\/p>\n\n\n\n<p>Vizitatorii site-ului au posibilitatea de a comunica \u00een orice moment cu Responsabilul pentru protec\u021bia datelor personale \u00een mod direct, pentru orice subiect legat de prezenta Politic\u0103, utiliz\u00e2nd date de contact: Responsabil cu protec\u021bia datelor personale &#8211; <em>Adriana Popu\u0219<\/em>: <strong><a href=\"mailto:contact@conceptahr.ro\">contact@conceptahr.ro<\/a><\/strong>.\u00a0<\/p>\n\n\n\n<p><strong>PRINCIPII PRIVIND PRELUCRAREA DATELOR<\/strong><\/p>\n\n\n\n<p>Prin prezenta Politic\u0103 ne oblig\u0103m s\u0103 respect\u0103m principiile de protec\u021bie a datelor cu caracter personal (<strong>Principiile)<\/strong> prev\u0103zute de <strong><a href=\"https:\/\/www.dataprotectionromania.ro\/articolul-5-principii-legate-de-prelucrarea-datelor-cu-caracter-personal\">Articolul 5 din GDPR<\/a><\/strong>, \u0219i v\u0103 putem asigura c\u0103 toate datele dvs, personale sunt:<\/p>\n\n\n\n<p>\u2022\u00a0\u00a0Prelucrate \u00een mod corect, legal \u0219i transparent;<br>\u2022\u00a0\u00a0Colectate \u00een scopuri specificate, explicite \u0219i legitime;<br>\u2022\u00a0\u00a0Adecvate, relevante \u0219i limitate \u00een raport cu scopurile pentru care sunt prelucrate;<br>\u2022\u00a0\u00a0Corecte \u0219i actualizate;<br>\u2022\u00a0\u00a0P\u0103strate \u00eentr-o form\u0103 care nu permite identificarea persoanelor vizate mai mult timp dec\u00e2t este necesar \u00een raport de scopul prelucr\u0103rii;<br>\u2022 Procesate \u00een conformitate cu drepturile persoanei vizate, \u00eentr-un mod care s\u0103 asigure o securitate adecvat\u0103 a prelucr\u0103rii, astfel \u00eenc\u00e2t datele s\u0103 fie integre, confiden\u021biale \u0219i disponibile.<\/p>\n\n\n\n<p><strong>SCOPURILE PRELUCR\u0102RII DATELOR CU CARACTER PERSONAL<\/strong><\/p>\n\n\n\n<p>Procesarea datelor de contact <strong><em>Concepta Ideal Solutions<\/em><\/strong> va folosi informa\u021biile personale de contact pe care le furniza\u021bi prin intermediul acestui site \u0219i a adreselor de contact men\u021bionate, exclusiv cu scopul de procesa solicitarea dumneavoastr\u0103 \u00een scop comercial. <br>Prin furnizarea oric\u0103ror date cu caracter personal prin intermediul formularelor de contact de pe site-ul nostru, v\u0103 da\u021bi acordul implicit ca datele dumneavoastr\u0103 s\u0103 fie prelucrate \u00een mod exclusiv pentru scopul pentru care ne-a\u021bi contactat, \u00een conformitate cu prevederile prezentei Politici de protec\u021bie a prelucr\u0103rii datelor personale.<\/p>\n\n\n\n<p>Pentru asigurarea celor mai depline condi\u021bii de Securitate a datelor dvs. personale, <strong><em>Concepta Ideal Solutions<\/em><\/strong> a adoptat \u0219i men\u021bine \u00eentregul set de m\u0103suri tehnice \u0219i organizatorice adecvate pentru prelucrarea \u0219i stocarea datelor dumneavoastr\u0103 personale, \u00een conformitate cu prevederile Regulamentului general.\u00a0Datele dumneavoastr\u0103 cu caracter personal pot fi transmise c\u0103tre alte entit\u0103\u021bi ter\u021be cu care <strong><em>Concepta Ideal Solutions<\/em><\/strong> colaboreaz\u0103 \u00een mod permanent, doar \u00een scopul bunei derul\u0103ri a serviciilor specifice asigurate \u0219i intereselor noastre legitime legate de aceste activit\u0103\u021bi, cu excep\u021bia situa\u021biilor \u00een care poate ap\u0103rea o obliga\u021bie legal\u0103 pentru <strong><em>Concepta Ideal Solutions<\/em><\/strong> de a partaja datele cu alte institu\u021bii sau autorit\u0103\u021bi.<\/p>\n\n\n\n<p><strong><em>Concepta Ideal Solutions<\/em><\/strong> se oblig\u0103 s\u0103 nu prelucreze datele cu caracter personal furnizate prin intermediul rela\u021biilor noastre comerciale \u00een alt scop dec\u00e2t acela pentru care au fost transmise, cu excep\u021bia situa\u021biilor \u00een care exist\u0103 consim\u021b\u0103m\u00e2ntul dumneavoastr\u0103 clar pentru a le utiliza \u0219i \u00een alte scopuri asociate activit\u0103\u021bilor comerciale. Datele dumneavoastr\u0103 cu caracter personal urmeaz\u0103 a fi \u0219terse de \u00eendat\u0103 ce ne solicita\u021bi acest lucru la adresa:\u00a0<strong>contact@conceptahr.ro<\/strong>.<\/p>\n\n\n\n<p><strong>PRELUCRARE AUTOMAT\u0102 DE DATE. POLITICA DE COOKIE<\/strong><\/p>\n\n\n\n<p>Site-ul\u00a0<strong><a href=\"http:\/\/www.conceptahr.ro\">www.conceptahr.ro<\/a><\/strong> folose\u0219te identificatori de tip Cookie. Cookie-urile sunt fi\u0219iere text care sunt stocate \u00eentr-un computer prin intermediul Browserului de Internet. Multe site-uri \u0219i servere utilizeaz\u0103 cookie- uri. Multe module cookie con\u021bin un cod a\u0219a-numit cookie. Un ID cookie este un identificator unic al cookie- ului. Se compune dintr-un \u0219ir de caractere prin care paginile \u0219i serverele Internet pot fi atribuite browserului de Internet \u00een care a fost stocat cookie-ul. Acest lucru permite site-urilor web si serverelor vizitate s\u0103 diferen\u021bieze browserul individual al datelor de la alte browsere de Internet care con\u021bin alte cookie-uri. Un anumit browser de Internet poate fi recunoscut si identificat folosind un cod de cookie unic. Prin utilizarea cookie-urilor,\u00a0<strong><em>Concepta Ideal Solutions<\/em><\/strong> poate furniza celor care utilizeaz\u0103 site-ul servicii mai u\u0219or de utilizat care nu ar fi posibile f\u0103r\u0103 setarea cookie-urilor. Cu ajutorul unui cookie, informa\u021biile \u0219i ofertele de pe site-ul nostru pot fi optimizate av\u00e2nd \u00een vedere utilizatorul. Cookie-urile ne permit s\u0103 recunoa\u0219tem utilizatorii site-ului nostru web. Scopul acestei recunoa\u0219teri este de a facilita utilizarea de c\u0103tre vizitatori a site-ului nostru web. Vizitatorul site-ului web care utilizeaz\u0103 module cookie, nu trebuie s\u0103 introduc\u0103 date de acces de fiecare dat\u0103 c\u00e2nd site-ul este accesat, deoarece acesta este preluat de site-ul web, iar cookie-ul este astfel stocat \u00een sistemul informatic al utilizatorului.<\/p>\n\n\n\n<p>Persoana vizat\u0103 poate, \u00een orice timp, s\u0103 previn\u0103 activarea cookie-urilor prin intermediul unei set\u0103ri corespunz\u0103toare a browserului de internet utilizat, poate astfel s\u0103 refuze definitiv setarea cookie-urilor. \u00cen plus, cookie-urile deja setate pot fi \u0219terse \u00een orice moment prin intermediul unui browser de Internet sau al altor programe software. Acest lucru este posibil \u00een toate browserele de Internet populare. Dac\u0103 persoana vizat\u0103 dezactiveaz\u0103 setarea cookie-urilor \u00een browserul de internet utilizat, nu toate func\u021biile site-ului nostru pot fi utilizate \u00een totalitate. \u00cen timpul utiliz\u0103rii este posibil s\u0103 colect\u0103m automat informa\u021bii nepersonale cum ar fi adresele IP de la care accesa\u021bi site-ul \u0219i browserul pe care \u00eel folosi\u021bi, iar dumneavoastr\u0103 sunte\u021bi de acord cu stocarea anumitor informa\u021bii pe computerul dumneavoastr\u0103 (\u201cmodule cookie\u201d), toate \u00een scopul de a v\u0103 asigura un acces optim la site \u0219i operarea acestuia de c\u0103tre dumneavoastr\u0103.<\/p>\n\n\n\n<p><strong>DURATA DE VIA\u021a\u0102 PENTRU COOKIES<\/strong><\/p>\n\n\n\n<p>Cookie-urile pe care le folosim pe acest website au o durat\u0103 de via\u021b\u0103 variabil\u0103 dar aceasta nu dep\u0103\u0219e\u0219te 2 ani de zile. Toate cookie-urile sunt de tip &#8222;first-party&#8221; adic\u0103 nu sunt transmise altor companii externe.<\/p>\n\n\n\n<p><strong>POLITICA DE RETEN\u021aIE A DATELOR<\/strong><\/p>\n\n\n\n<p><strong><em>Concepta Ideal Solutions<\/em><\/strong> poate p\u0103stra datele personale de contact prelucrate pentru diferite perioade de timp, apreciate ca fiind rezonabile, \u00een conformitate cu scopurile noastre comerciale. Datele pe care le furniza\u021bi prin formularul de comand\u0103 de pe site-ul nostru sunt p\u0103strate p\u00e2n\u0103 la momentul primirii unei solicit\u0103ri formulat\u0103 clar la adresa <strong><a href=\"mailto:contact@coceptahr.ro\">contact@conceptahr.ro<\/a><\/strong>. Executarea unor obliga\u021bii legale guvernate de legile fiscale \u0219i comerciale poate necesita re\u021binerea anumitor date cu caracter personal pe care ni le-a\u021bi furnizat.<\/p>\n\n\n\n<p><strong>DREPTURILE PERSOANELOR VIZATE<\/strong><\/p>\n\n\n\n<p>To\u021bi clien\u021bii, furnizorii, colaboratorii \u0219i partenerii ale c\u0103ror date personale de contact le de\u021binem \u00een calitate de persoane vizate au urm\u0103toarele drepturi \u00een conformitate cu <strong><em><a href=\"https:\/\/www.dataprotectionromania.ro\">Articolele 15 \u2013 22 din GDPR:<\/a><\/em><\/strong><\/p>\n\n\n\n<p>\u2022 Dreptul de acces la datele prelucrare;<br>\u2022 Dreptul la rectificarea \u0219i \u0219tergerea datelor (\u201cdreptul de a fi uitat\u201d);<br>\u2022 Dreptul la restric\u021bionarea prelucr\u0103rii;<br>\u2022 Dreptul la portabilitatea datelor;<br>\u2022 Dreptul de opozi\u021bie;<br>\u2022 Dreptul de a retrage consim\u021b\u0103m\u00e2ntul \u00een orice moment;<br>\u2022 Dreptul de a depune o pl\u00e2ngere la autoritatea de supraveghere competent\u0103.<\/p>\n\n\n\n<p>Orice persoan\u0103 vizat\u0103 \u00eenregistrat\u0103 la\u00a0<strong><em>Concepta Ideal Solutions<\/em><\/strong> poate solicita exercitarea acestor drepturi printr- un mesaj scris la urm\u0103toarea adres\u0103 de e-mail:\u00a0<strong><a href=\"http:\/\/www.conceptahr.ro\">contact@conceptahr.ro<\/a><\/strong>.<\/p>\n\n\n\n<p><strong>INFORMA\u021aII DESPRE M\u0102SURILE DE SECURITATE A PRELUCR\u0102RII<\/strong><\/p>\n\n\n\n<p><strong><em>Concepta Ideal Solutions<\/em><\/strong> a investit pentru adoptarea de m\u0103suri tehnice \u0219i organizatorice de prelucrare a datelor, actualizate \u00een conformitate cu cerin\u021bele <strong><a href=\"https:\/\/www.dataprotectionromania.ro\">GDPR<\/a><\/strong>, cu scopul de a proteja datele dumneavoastr\u0103 cu caracter personal \u00eempotriva oric\u0103ror ac\u021biuni de acces neautorizat, utilizare necorespunz\u0103toare sau divulgare, modificare neautorizat\u0103, distrugere sau pierdere accidental\u0103. To\u021bi angaja\u021bii \u0219i colaboratorii <strong><em>Concepta Ideal Solutions<\/em><\/strong>, precum \u0219i orice ter\u021be p\u0103r\u021bi care ac\u021bioneaz\u0103 \u00een numele \u0219i pe seama <strong><em>Concepta Ideal Solutions<\/em><\/strong> sunt obliga\u021bi s\u0103 respecte confiden\u021bialitatea informa\u021biilor dumneavoastr\u0103, \u00een conformitate cu prevederile prezentei <strong>Politici<\/strong>.<\/p>\n\n\n\n<p><strong>DISCLAIMER SITE-URI PARTENERE<\/strong><\/p>\n\n\n\n<p>Site-ul <strong><a href=\"http:\/\/www.conceptahr.ro\">www.conceptahr.ro<\/a><\/strong> poate con\u021bine leg\u0103turi c\u0103tre alte site-uri \u0219i \/ sau alte pagini web cu proprietate intelectual\u0103 care nu este proprietatea Concepta Ideal Solutions. Nu ne asum\u0103m nicio responsabilitate cu privire la con\u021binutul acestor site-uri \u0219i, prin urmare, compania <strong><em>Concepta Ideal Solutions<\/em><\/strong> nu va putea fi considerate r\u0103spunz\u0103toare pentru con\u021binutul, publicitatea, bunurile, serviciile, software-ul, informa\u021biile sau alte materiale disponibile pe sau prin intermediul acestor site-uri.\u00a0<\/p>\n\n\n\n<p><strong><em>Concepta Ideal Solutions<\/em><\/strong> nu va fi responsabil\u0103 de pierderea datelor cu caracter personal, de orice efecte negative asupra datelor personale ale vizitatorilor sau de alte daune morale \u0219i \/ sau patrimoniale cauzate de accesul la respectivele site-uri.<\/p>\n\n\n\n<p><strong>ACTUALIZAREA TERMENILOR \u0218I CONDI\u021aIILOR<\/strong><\/p>\n\n\n\n<p>Vizitatorii no\u0219tri sunt ruga\u021bi s\u0103 aib\u0103 \u00een vedere faptul c\u0103 prezenta Politic\u0103 poate face obiectul unor modific\u0103ri periodice de con\u021binut, la fel ca \u0219i actualizarea site-ului&nbsp;<a href=\"http:\/\/www.conceptahr.ro\/\">www.conceptahr.ro<\/a>, care apartine SC Concepta Ideal Solutions SRL. Prin urmare, este necesar s\u0103 verifica\u021bi Termenii \u0219i Condi\u021biile de utilizare a site-ului&nbsp;<a href=\"http:\/\/www.conceptahr.ro\/\">www.conceptahr.ro<\/a>&nbsp;pentru orice actualizare.<\/p>\n","protected":false},"excerpt":{"rendered":"<p>Protec\u021bia datelor dumneavoastr\u0103 cu caracter personal este important\u0103 pentru noi, prin urmare acord\u0103m o aten\u021bie deosebit\u0103 protej\u0103rii datelor personale ale tuturor celor cu care derul\u0103m opera\u021biuni comerciale, precum \u0219i a vie\u021bii private a vizitatorilor care acceseaz\u0103 site-ul\u00a0www.conceptahr.ro, \u00een conformitate cu Regulamentul (UE) 2016\/679 al Parlamentului European \u0219i al Consiliului,<\/p>\n<p><a class=\"more-link\" href=\"https:\/\/conceptahr.ro\/ro\/politica-de-confidentialitate\/\">Read More<\/a><\/p>\n","protected":false},"author":2,"featured_media":0,"parent":0,"menu_order":0,"comment_status":"closed","ping_status":"closed","template":"","meta":{"_exactmetrics_skip_tracking":false,"_exactmetrics_sitenote_active":false,"_exactmetrics_sitenote_note":"","_exactmetrics_sitenote_category":0,"footnotes":""},"class_list":["post-493","page","type-page","status-publish","hentry"],"_links":{"self":[{"href":"https:\/\/conceptahr.ro\/ro\/wp-json\/wp\/v2\/pages\/493","targetHints":{"allow":["GET"]}}],"collection":[{"href":"https:\/\/conceptahr.ro\/ro\/wp-json\/wp\/v2\/pages"}],"about":[{"href":"https:\/\/conceptahr.ro\/ro\/wp-json\/wp\/v2\/types\/page"}],"author":[{"embeddable":true,"href":"https:\/\/conceptahr.ro\/ro\/wp-json\/wp\/v2\/users\/2"}],"replies":[{"embeddable":true,"href":"https:\/\/conceptahr.ro\/ro\/wp-json\/wp\/v2\/comments?post=493"}],"version-history":[{"count":29,"href":"https:\/\/conceptahr.ro\/ro\/wp-json\/wp\/v2\/pages\/493\/revisions"}],"predecessor-version":[{"id":524,"href":"https:\/\/conceptahr.ro\/ro\/wp-json\/wp\/v2\/pages\/493\/revisions\/524"}],"wp:attachment":[{"href":"https:\/\/conceptahr.ro\/ro\/wp-json\/wp\/v2\/media?parent=493"}],"curies":[{"name":"wp","href":"https:\/\/api.w.org\/{rel}","templated":true}]}}