







{"id":432,"date":"2019-06-25T14:34:07","date_gmt":"2019-06-25T14:34:07","guid":{"rendered":"https:\/\/conceptahr.ro\/contact-form\/"},"modified":"2019-06-26T11:19:40","modified_gmt":"2019-06-26T11:19:40","slug":"cere-oferta-sau-programeaza-o-intalnire","status":"publish","type":"page","link":"https:\/\/conceptahr.ro\/ro\/cere-oferta-sau-programeaza-o-intalnire\/","title":{"rendered":"Cere ofert\u0103 sau programeaz\u0103 o \u00eent\u00e2lnire:"},"content":{"rendered":"<iframe src=\"https:\/\/www.vcita.com\/widgets\/contact_form\/km20iigokbrlluyb?ver=2\" width=\"100%\" height=\"450px\"  scrolling=\"no\"  frameborder=\"0\" style=\" \">\n  <p>Please contact me via my contact form at vcita:<\/p>\n  <a href='https:\/\/www.vcita.com\/v\/km20iigokbrlluyb\/contact?invite=vr_cf_pb-km20iigokbrlluyb'>Contact Form for Adriana Popus - Concepta HR Solutions<\/a>\n<\/iframe>\n","protected":false},"excerpt":{"rendered":"Please contact me via my contact form at vcita: Contact Form for Adriana Popus - Concepta HR Solutions","protected":false},"author":2,"featured_media":0,"parent":0,"menu_order":0,"comment_status":"closed","ping_status":"closed","template":"","meta":{"_exactmetrics_skip_tracking":false,"_exactmetrics_sitenote_active":false,"_exactmetrics_sitenote_note":"","_exactmetrics_sitenote_category":0,"footnotes":""},"class_list":["post-432","page","type-page","status-publish","hentry"],"_links":{"self":[{"href":"https:\/\/conceptahr.ro\/ro\/wp-json\/wp\/v2\/pages\/432","targetHints":{"allow":["GET"]}}],"collection":[{"href":"https:\/\/conceptahr.ro\/ro\/wp-json\/wp\/v2\/pages"}],"about":[{"href":"https:\/\/conceptahr.ro\/ro\/wp-json\/wp\/v2\/types\/page"}],"author":[{"embeddable":true,"href":"https:\/\/conceptahr.ro\/ro\/wp-json\/wp\/v2\/users\/2"}],"replies":[{"embeddable":true,"href":"https:\/\/conceptahr.ro\/ro\/wp-json\/wp\/v2\/comments?post=432"}],"version-history":[{"count":7,"href":"https:\/\/conceptahr.ro\/ro\/wp-json\/wp\/v2\/pages\/432\/revisions"}],"predecessor-version":[{"id":534,"href":"https:\/\/conceptahr.ro\/ro\/wp-json\/wp\/v2\/pages\/432\/revisions\/534"}],"wp:attachment":[{"href":"https:\/\/conceptahr.ro\/ro\/wp-json\/wp\/v2\/media?parent=432"}],"curies":[{"name":"wp","href":"https:\/\/api.w.org\/{rel}","templated":true}]}}