







{"id":25,"date":"2019-06-20T08:37:33","date_gmt":"2019-06-20T08:37:33","guid":{"rendered":"https:\/\/conceptahr.ro\/?page_id=25"},"modified":"2020-07-26T16:52:38","modified_gmt":"2020-07-26T16:52:38","slug":"consiliere-in-cariera","status":"publish","type":"page","link":"https:\/\/conceptahr.ro\/ro\/consiliere-in-cariera\/","title":{"rendered":"Consiliere \u00een carier\u0103"},"content":{"rendered":"\t\t<div data-elementor-type=\"wp-post\" data-elementor-id=\"25\" class=\"elementor elementor-25\">\n\t\t\t\t\t\t<section class=\"elementor-section elementor-top-section elementor-element elementor-element-62284e25 elementor-section-boxed elementor-section-height-default elementor-section-height-default\" data-id=\"62284e25\" data-element_type=\"section\">\n\t\t\t\t\t\t<div class=\"elementor-container elementor-column-gap-default\">\n\t\t\t\t\t<div class=\"elementor-column elementor-col-100 elementor-top-column elementor-element elementor-element-3b9d6355 elementor-invisible\" data-id=\"3b9d6355\" data-element_type=\"column\" data-settings=\"{&quot;animation&quot;:&quot;fadeInLeft&quot;}\">\n\t\t\t<div class=\"elementor-widget-wrap elementor-element-populated\">\n\t\t\t\t\t\t<div class=\"elementor-element elementor-element-2f2692fa elementor-widget elementor-widget-text-editor\" data-id=\"2f2692fa\" data-element_type=\"widget\" data-widget_type=\"text-editor.default\">\n\t\t\t\t<div class=\"elementor-widget-container\">\n\t\t\t\t\t\t\t\t\t<p><\/p>\n<p style=\"background-color:#ee348e;color:#fefefe;font-size:27px\" class=\"has-text-color has-background\"><strong>SERVICII DE CONSULTAN\u021a\u0102 \u0218I CONSILIERE \u00ceN CARIER\u0102<\/strong><\/p>\n<p><\/p>\n<p><\/p>\n<blockquote class=\"wp-block-quote is-style-large is-layout-flow wp-block-quote-is-layout-flow\">\n<p><strong>Redactarea CV-ului profesional \u0219i a scrisorii de inten\u021bie<\/strong><\/p>\n<\/blockquote>\n<p><\/p>\n<p><\/p>\n<blockquote class=\"wp-block-quote is-style-large is-layout-flow wp-block-quote-is-layout-flow\">\n<p>Personal Branding (profil LinkedIn \u0219i alte re\u021bele sociale)<\/p>\n<\/blockquote>\n<p><\/p>\n<p><\/p>\n<blockquote class=\"wp-block-quote is-style-large is-layout-flow wp-block-quote-is-layout-flow\">\n<p><strong>Job hunting &#8211; c\u0103utarea de oportunit\u0103\u021bi <g class=\"gr_ gr_4 gr-alert gr_spell gr_inline_cards gr_disable_anim_appear ContextualSpelling ins-del multiReplace\" id=\"4\" data-gr-id=\"4\">profesionale<\/g><\/strong><\/p>\n<\/blockquote>\n<p><\/p>\n<p><\/p>\n<blockquote class=\"wp-block-quote is-style-large is-layout-flow wp-block-quote-is-layout-flow\">\n<p>Preg\u0103tire <g class=\"gr_ gr_15 gr-alert gr_spell gr_inline_cards gr_disable_anim_appear ContextualSpelling\" id=\"15\" data-gr-id=\"15\">pentru<\/g> <g class=\"gr_ gr_23 gr-alert gr_spell gr_inline_cards gr_disable_anim_appear ContextualSpelling ins-del multiReplace\" id=\"23\" data-gr-id=\"23\">interviul<\/g> de <g class=\"gr_ gr_14 gr-alert gr_spell gr_inline_cards gr_disable_anim_appear ContextualSpelling ins-del multiReplace\" id=\"14\" data-gr-id=\"14\">angajare<\/g><\/p>\n<\/blockquote>\n<p><\/p>\n<p><\/p>\n<blockquote class=\"wp-block-quote is-style-large is-layout-flow wp-block-quote-is-layout-flow\">\n<p><strong>Elaborare plan de carier\u0103 &#8211; managementul carierei<\/strong><\/p>\n<\/blockquote>\n<p><\/p>\n<p><\/p>\n<blockquote class=\"wp-block-quote is-style-large is-layout-flow wp-block-quote-is-layout-flow\">\n<p>Orientare voca\u021bional\u0103 &#8211; competen\u021be si aptitudini<\/p>\n<\/blockquote>\n<p><\/p>\n<p><\/p>\n<p style=\"color:#fefefe;font-size:24px\" class=\"has-text-color has-background has-vivid-cyan-blue-background-color\"><em><strong>Oferta de servicii poate fi personalizat\u0103 \u00een func\u021bie de nevoile tale.<\/strong><\/em><\/p>\n<p><\/p>\n<p><\/p>\n<p style=\"font-size:18px\"><em><sup><strong>*<\/strong><\/sup><strong>&nbsp;Serviciile pot fi oferite fa\u021b\u0103 \u00een fa\u021b\u0103, telefonic sau pe Skype.<\/strong><\/em><\/p>\n<p><\/p>\n<p><\/p>\n<div class=\"wp-block-button\"> <strong style=\"background-color: rgb(238, 52, 142); color: rgb(255, 255, 255);\"><a class=\"wp-block-button__link has-text-color has-background\" href=\"https:\/\/conceptahr.ro\/cere-oferta-sau-programeaza-o-intalnire\/\" style=\"background-color:#ee348e;color:#ffffff\">Cere ofert\u0103<\/a><\/strong><br><\/div>\n<p><br><\/p>\n<p><br><\/p>\n<p style=\"font-size: 16px; margin-bottom: 10px; line-height: 1.71429; color: rgb(102, 102, 102); overflow-wrap: break-word; font-variant-ligatures: normal; orphans: 2; widows: 2;\">Pentru mai multe detalii cu privire la \u201d<strong style=\"font-size: 16px;\">Politica de recrutare<\/strong>\u201d, v\u0103 rug\u0103m s\u0103 accesa\u021bi urm\u0103torul link:<\/p><p style=\"font-size: 16px; margin-bottom: 10px; line-height: 1.71429; color: rgb(102, 102, 102); overflow-wrap: break-word; font-variant-ligatures: normal; orphans: 2; widows: 2;\"><a href=\"https:\/\/conceptahr.ro\/ro\/politica-de-confidentialitate-in-ceea-ce-priveste-procesul-de-recrutare\/\" style=\"font-size: 16px; transition-duration: 0.2s; transition-timing-function: ease-in-out; transition-delay: 0s; color: rgb(50, 151, 250); outline-style: none; background-color: transparent;\">https:\/\/conceptahr.ro\/ro\/politica-de-confidentialitate-in-ceea-ce-priveste-procesul-de-recrutare\/<\/a><\/p>\n<p><\/p>\n<p><\/p>\n<p><\/p>\t\t\t\t\t\t\t\t<\/div>\n\t\t\t\t<\/div>\n\t\t\t\t\t<\/div>\n\t\t<\/div>\n\t\t\t\t\t<\/div>\n\t\t<\/section>\n\t\t\t\t<\/div>\n\t\t","protected":false},"excerpt":{"rendered":"<p>SERVICII DE CONSULTAN\u021a\u0102 \u0218I CONSILIERE \u00ceN CARIER\u0102 Redactarea CV-ului profesional \u0219i a scrisorii de inten\u021bie Personal Branding (profil LinkedIn \u0219i alte re\u021bele sociale) Job hunting &#8211; c\u0103utarea de oportunit\u0103\u021bi profesionale Preg\u0103tire pentru interviul de angajare Elaborare plan de carier\u0103 &#8211; managementul carierei Orientare voca\u021bional\u0103 &#8211; competen\u021be si aptitudini Oferta<\/p>\n<p><a class=\"more-link\" href=\"https:\/\/conceptahr.ro\/ro\/consiliere-in-cariera\/\">Read More<\/a><\/p>\n","protected":false},"author":2,"featured_media":0,"parent":0,"menu_order":0,"comment_status":"closed","ping_status":"closed","template":"","meta":{"_exactmetrics_skip_tracking":false,"_exactmetrics_sitenote_active":false,"_exactmetrics_sitenote_note":"","_exactmetrics_sitenote_category":0,"footnotes":""},"class_list":["post-25","page","type-page","status-publish","hentry"],"_links":{"self":[{"href":"https:\/\/conceptahr.ro\/ro\/wp-json\/wp\/v2\/pages\/25","targetHints":{"allow":["GET"]}}],"collection":[{"href":"https:\/\/conceptahr.ro\/ro\/wp-json\/wp\/v2\/pages"}],"about":[{"href":"https:\/\/conceptahr.ro\/ro\/wp-json\/wp\/v2\/types\/page"}],"author":[{"embeddable":true,"href":"https:\/\/conceptahr.ro\/ro\/wp-json\/wp\/v2\/users\/2"}],"replies":[{"embeddable":true,"href":"https:\/\/conceptahr.ro\/ro\/wp-json\/wp\/v2\/comments?post=25"}],"version-history":[{"count":72,"href":"https:\/\/conceptahr.ro\/ro\/wp-json\/wp\/v2\/pages\/25\/revisions"}],"predecessor-version":[{"id":1862,"href":"https:\/\/conceptahr.ro\/ro\/wp-json\/wp\/v2\/pages\/25\/revisions\/1862"}],"wp:attachment":[{"href":"https:\/\/conceptahr.ro\/ro\/wp-json\/wp\/v2\/media?parent=25"}],"curies":[{"name":"wp","href":"https:\/\/api.w.org\/{rel}","templated":true}]}}