







{"id":26,"date":"2019-06-20T08:37:33","date_gmt":"2019-06-20T08:37:33","guid":{"rendered":"https:\/\/conceptahr.ro\/?page_id=26"},"modified":"2020-07-26T16:49:12","modified_gmt":"2020-07-26T16:49:12","slug":"contact","status":"publish","type":"page","link":"http:\/\/conceptahr.ro\/ro\/contact\/","title":{"rendered":"Contact"},"content":{"rendered":"\n<p class=\"has-medium-font-size\"><strong>Cau\u021bi de un partener de \u00eencredere pentru afacerea ta? Ai nevoie de servicii dedicate de Resurse Umane? <\/strong><\/p>\n\n\n\n<p class=\"has-medium-font-size\"><strong>Sau \u00ee\u021bi cau\u021bi un loc de munc\u0103? Perfect! Echipa noastr\u0103 este preg\u0103tit\u0103 s\u0103 te ajute. A\u0219tept\u0103m mesajul t\u0103u.<\/strong><\/p>\n\n\n\n<figure class=\"wp-block-image size-full\"><img fetchpriority=\"high\" decoding=\"async\" width=\"1584\" height=\"396\" src=\"https:\/\/conceptahr.ro\/wp-content\/uploads\/2019\/06\/laptop-working-header.jpg\" alt=\"\" class=\"wp-image-216\" srcset=\"http:\/\/conceptahr.ro\/wp-content\/uploads\/2019\/06\/laptop-working-header.jpg 1584w, http:\/\/conceptahr.ro\/wp-content\/uploads\/2019\/06\/laptop-working-header-300x75.jpg 300w, http:\/\/conceptahr.ro\/wp-content\/uploads\/2019\/06\/laptop-working-header-768x192.jpg 768w, http:\/\/conceptahr.ro\/wp-content\/uploads\/2019\/06\/laptop-working-header-1024x256.jpg 1024w, http:\/\/conceptahr.ro\/wp-content\/uploads\/2019\/06\/laptop-working-header-800x200.jpg 800w\" sizes=\"(max-width: 1584px) 100vw, 1584px\" \/><\/figure>\n\n\n\n<p class=\"has-medium-font-size\">Te rug\u0103m s\u0103 folose\u0219ti, ca \u0219i&nbsp;<strong>metod\u0103 principal\u0103&nbsp;de contact<\/strong>, formularul de mai jos pentru eficien\u021b\u0103 \u0219i rapiditate:<\/p>\n\n\n\n<div class=\"wpforms-container wpforms-container-full\" id=\"wpforms-212\"><form id=\"wpforms-form-212\" class=\"wpforms-validate wpforms-form\" data-formid=\"212\" method=\"post\" enctype=\"multipart\/form-data\" action=\"\/ro\/wp-json\/wp\/v2\/pages\/26\" data-token=\"539e0692e7a71ee2dc2f4e64457a26b5\" data-token-time=\"1776385232\"><noscript class=\"wpforms-error-noscript\">Please enable JavaScript in your browser to complete this form.<\/noscript><div class=\"wpforms-field-container\"><div id=\"wpforms-212-field_0-container\" class=\"wpforms-field wpforms-field-name\" data-field-id=\"0\"><label class=\"wpforms-field-label\">Numele \u0219i Prenumele: <span class=\"wpforms-required-label\">*<\/span><\/label><div class=\"wpforms-field-row wpforms-field-medium\"><div class=\"wpforms-field-row-block wpforms-first wpforms-one-half\"><input type=\"text\" id=\"wpforms-212-field_0\" class=\"wpforms-field-name-first wpforms-field-required\" name=\"wpforms[fields][0][first]\" required><label for=\"wpforms-212-field_0\" class=\"wpforms-field-sublabel after\">First<\/label><\/div><div class=\"wpforms-field-row-block wpforms-one-half\"><input type=\"text\" id=\"wpforms-212-field_0-last\" class=\"wpforms-field-name-last wpforms-field-required\" name=\"wpforms[fields][0][last]\" required><label for=\"wpforms-212-field_0-last\" class=\"wpforms-field-sublabel after\">Last<\/label><\/div><\/div><\/div><div id=\"wpforms-212-field_1-container\" class=\"wpforms-field wpforms-field-email\" data-field-id=\"1\"><label class=\"wpforms-field-label\" for=\"wpforms-212-field_1\">E-mail: <span class=\"wpforms-required-label\">*<\/span><\/label><input type=\"email\" id=\"wpforms-212-field_1\" class=\"wpforms-field-medium wpforms-field-required\" name=\"wpforms[fields][1]\" spellcheck=\"false\" required><div class=\"wpforms-field-description\">Te rug\u0103m s\u0103 introduci adresa de e-mail, pentru a putea reveni \u00een cel mai scurt timp! <\/div><\/div><div id=\"wpforms-212-field_7-container\" class=\"wpforms-field wpforms-field-text\" data-field-id=\"7\"><label class=\"wpforms-field-label\" for=\"wpforms-212-field_7\">Num\u0103rul de telefon: <span class=\"wpforms-required-label\">*<\/span><\/label><input type=\"text\" id=\"wpforms-212-field_7\" class=\"wpforms-field-medium wpforms-field-required\" name=\"wpforms[fields][7]\" required><div class=\"wpforms-field-description\">Te rug\u0103m s\u0103 introduci num\u0103rul de telefon, pentru a te putea contacta rapid! <\/div><\/div><div id=\"wpforms-212-field_3-container\" class=\"wpforms-field wpforms-field-text\" data-field-id=\"3\"><label class=\"wpforms-field-label\" for=\"wpforms-212-field_3\">Subiectul mesajului: <span class=\"wpforms-required-label\">*<\/span><\/label><input type=\"text\" id=\"wpforms-212-field_3\" class=\"wpforms-field-medium wpforms-field-required\" name=\"wpforms[fields][3]\" required><\/div><div id=\"wpforms-212-field_4-container\" class=\"wpforms-field wpforms-field-textarea\" data-field-id=\"4\"><label class=\"wpforms-field-label\" for=\"wpforms-212-field_4\">Mesajul t\u0103u: <span class=\"wpforms-required-label\">*<\/span><\/label><textarea id=\"wpforms-212-field_4\" class=\"wpforms-field-medium wpforms-field-required\" name=\"wpforms[fields][4]\" required><\/textarea><\/div><div id=\"wpforms-212-field_6-container\" class=\"wpforms-field wpforms-field-checkbox\" data-field-id=\"6\"><label class=\"wpforms-field-label\">Consim\u021b\u0103m\u00e2ntul pentru furnizarea datelor personale: <span class=\"wpforms-required-label\">*<\/span><\/label><ul id=\"wpforms-212-field_6\" class=\"wpforms-field-required\"><li class=\"choice-1 depth-1\"><input type=\"checkbox\" id=\"wpforms-212-field_6_1\" name=\"wpforms[fields][6][]\" value=\"Da, accept\" required ><label class=\"wpforms-field-label-inline\" for=\"wpforms-212-field_6_1\">Da, accept<\/label><\/li><\/ul><div class=\"wpforms-field-description\">Butonul \"Trimite\" este func\u021bional numai dac\u0103 \u00ee\u021bi dai acceptul. Pentru mai multe detalii cite\u0219te Politica de confiden\u021bialitate.<\/div><\/div><\/div><!-- .wpforms-field-container --><div class=\"wpforms-field wpforms-field-hp\"><label for=\"wpforms-212-field-hp\" class=\"wpforms-field-label\">Name<\/label><input type=\"text\" name=\"wpforms[hp]\" id=\"wpforms-212-field-hp\" class=\"wpforms-field-medium\"><\/div><div class=\"wpforms-submit-container\" ><input type=\"hidden\" name=\"wpforms[id]\" value=\"212\"><input type=\"hidden\" name=\"page_title\" value=\"\"><input type=\"hidden\" name=\"page_url\" value=\"http:\/\/conceptahr.ro\/ro\/wp-json\/wp\/v2\/pages\/26\"><input type=\"hidden\" name=\"url_referer\" value=\"\"><button type=\"submit\" name=\"wpforms[submit]\" id=\"wpforms-submit-212\" class=\"wpforms-submit\" data-alt-text=\"Sending...\" data-submit-text=\"Trimite mesajul\" aria-live=\"assertive\" value=\"wpforms-submit\">Trimite mesajul<\/button><\/div><\/form><\/div>  <!-- .wpforms-container -->\n\n\n\n<div style=\"height:50px\" aria-hidden=\"true\" class=\"wp-block-spacer\"><\/div>\n\n\n\n<blockquote class=\"wp-block-quote is-style-large is-layout-flow wp-block-quote-is-layout-flow\"><p><a href=\"https:\/\/conceptahr.ro\/politica-de-confidentialitate\/\">Politica de confiden\u021bialitate<\/a><\/p><\/blockquote>\n","protected":false},"excerpt":{"rendered":"<p>Cau\u021bi de un partener de \u00eencredere pentru afacerea ta? Ai nevoie de servicii dedicate de Resurse Umane? Sau \u00ee\u021bi cau\u021bi un loc de munc\u0103? Perfect! Echipa noastr\u0103 este preg\u0103tit\u0103 s\u0103 te ajute. A\u0219tept\u0103m mesajul t\u0103u. Te rug\u0103m s\u0103 folose\u0219ti, ca \u0219i&nbsp;metod\u0103 principal\u0103&nbsp;de contact, formularul de mai jos pentru eficien\u021b\u0103<\/p>\n<p><a class=\"more-link\" href=\"http:\/\/conceptahr.ro\/ro\/contact\/\">Read More<\/a><\/p>\n","protected":false},"author":2,"featured_media":0,"parent":0,"menu_order":0,"comment_status":"closed","ping_status":"closed","template":"","meta":{"_exactmetrics_skip_tracking":false,"_exactmetrics_sitenote_active":false,"_exactmetrics_sitenote_note":"","_exactmetrics_sitenote_category":0,"footnotes":""},"class_list":["post-26","page","type-page","status-publish","hentry"],"_links":{"self":[{"href":"http:\/\/conceptahr.ro\/ro\/wp-json\/wp\/v2\/pages\/26","targetHints":{"allow":["GET"]}}],"collection":[{"href":"http:\/\/conceptahr.ro\/ro\/wp-json\/wp\/v2\/pages"}],"about":[{"href":"http:\/\/conceptahr.ro\/ro\/wp-json\/wp\/v2\/types\/page"}],"author":[{"embeddable":true,"href":"http:\/\/conceptahr.ro\/ro\/wp-json\/wp\/v2\/users\/2"}],"replies":[{"embeddable":true,"href":"http:\/\/conceptahr.ro\/ro\/wp-json\/wp\/v2\/comments?post=26"}],"version-history":[{"count":36,"href":"http:\/\/conceptahr.ro\/ro\/wp-json\/wp\/v2\/pages\/26\/revisions"}],"predecessor-version":[{"id":1860,"href":"http:\/\/conceptahr.ro\/ro\/wp-json\/wp\/v2\/pages\/26\/revisions\/1860"}],"wp:attachment":[{"href":"http:\/\/conceptahr.ro\/ro\/wp-json\/wp\/v2\/media?parent=26"}],"curies":[{"name":"wp","href":"https:\/\/api.w.org\/{rel}","templated":true}]}}