







{"id":22,"date":"2019-06-20T08:37:33","date_gmt":"2019-06-20T08:37:33","guid":{"rendered":"https:\/\/conceptahr.ro\/?page_id=22"},"modified":"2019-07-18T14:15:11","modified_gmt":"2019-07-18T14:15:11","slug":"info","status":"publish","type":"page","link":"http:\/\/conceptahr.ro\/ro\/info\/","title":{"rendered":"INFO"},"content":{"rendered":"\t\t<div data-elementor-type=\"wp-post\" data-elementor-id=\"22\" class=\"elementor elementor-22\">\n\t\t\t\t\t\t<section class=\"elementor-section elementor-top-section elementor-element elementor-element-36b5fd26 elementor-section-boxed elementor-section-height-default elementor-section-height-default\" data-id=\"36b5fd26\" data-element_type=\"section\">\n\t\t\t\t\t\t<div class=\"elementor-container elementor-column-gap-default\">\n\t\t\t\t\t<div class=\"elementor-column elementor-col-100 elementor-top-column elementor-element elementor-element-7a2cc56e\" data-id=\"7a2cc56e\" data-element_type=\"column\">\n\t\t\t<div class=\"elementor-widget-wrap elementor-element-populated\">\n\t\t\t\t\t\t<div class=\"elementor-element elementor-element-324f6cfd elementor-invisible elementor-widget elementor-widget-text-editor\" data-id=\"324f6cfd\" data-element_type=\"widget\" data-settings=\"{&quot;_animation&quot;:&quot;bounceInUp&quot;}\" data-widget_type=\"text-editor.default\">\n\t\t\t\t<div class=\"elementor-widget-container\">\n\t\t\t\t\t\t\t\t\t\n<p style=\"font-size:32px\"><strong>\u00cen loc de INTRODUCERE<\/strong><\/p>\n\n\n\n<p class=\"has-medium-font-size\">Probabil, \u00eentrebarea care ni se adreseaz\u0103 cel mai des este:<\/p>\n\n\n\n<blockquote class=\"wp-block-quote is-style-large is-layout-flow wp-block-quote-is-layout-flow\"><p>&#8211; \u201cHR !? \u0218i, <g class=\"gr_ gr_7 gr-alert gr_spell gr_inline_cards gr_disable_anim_appear ContextualSpelling\" id=\"7\" data-gr-id=\"7\">ce<\/g> face\u021bi <g class=\"gr_ gr_8 gr-alert gr_spell gr_inline_cards gr_disable_anim_appear ContextualSpelling\" id=\"8\" data-gr-id=\"8\">voi<\/g> <g class=\"gr_ gr_6 gr-alert gr_spell gr_inline_cards gr_disable_anim_appear ContextualSpelling ins-del multiReplace\" id=\"6\" data-gr-id=\"6\">mai<\/g> exact?\u201d<\/p><\/blockquote>\n\n\n\n<p class=\"has-medium-font-size\">Cu siguran\u021b\u0103, ne aducem aminte cu to\u021bii care erau ocupa\u021biile \u0219i aspira\u021biile \u201coamenilor de HR\u201d \u00een anii trecu\u021bi. Angajarea, administrarea de personal \u0219i salarizarea, cea din urm\u0103 fiind des \u201cimprumutat\u0103\u201d contabilit\u0103\u021bii.<\/p>\n\n\n\n<p class=\"has-medium-font-size\"><strong>Nou\u0103 ne place s\u0103 spunem c\u0103 HR \u2013ul este cu \u0219i despre:<\/strong><\/p>\n\n\n\n<figure class=\"wp-block-image\"><img fetchpriority=\"high\" decoding=\"async\" width=\"2144\" height=\"700\" src=\"https:\/\/conceptahr.ro\/wp-content\/uploads\/2019\/07\/Oameni-proces-putere-resurse-umane-valoroase.png\" alt=\"\" class=\"wp-image-1148\" srcset=\"http:\/\/conceptahr.ro\/wp-content\/uploads\/2019\/07\/Oameni-proces-putere-resurse-umane-valoroase.png 2144w, http:\/\/conceptahr.ro\/wp-content\/uploads\/2019\/07\/Oameni-proces-putere-resurse-umane-valoroase-300x98.png 300w, http:\/\/conceptahr.ro\/wp-content\/uploads\/2019\/07\/Oameni-proces-putere-resurse-umane-valoroase-768x251.png 768w, http:\/\/conceptahr.ro\/wp-content\/uploads\/2019\/07\/Oameni-proces-putere-resurse-umane-valoroase-1024x334.png 1024w, http:\/\/conceptahr.ro\/wp-content\/uploads\/2019\/07\/Oameni-proces-putere-resurse-umane-valoroase-800x261.png 800w\" sizes=\"(max-width: 2144px) 100vw, 2144px\" \/><\/figure>\n\n\n\n<p class=\"has-medium-font-size\">Dac\u0103 ai ajuns pe site-ul nostru, \u00eenseamna c\u0103&nbsp;<strong>OAMENII<\/strong> sunt importan\u021bi pentru tine \u0219i pentru compania ta. Perfect! Noi suntem partenerul t\u0103u de \u00eencredere.<\/p>\n\n\n\n<p style=\"font-size:35px\"><strong>Credem in:<\/strong><\/p>\n\n\n\n<p style=\"font-size:24px\"><strong>Tradi\u021bie \u0219i inova<g class=\"gr_ gr_3 gr-alert gr_spell gr_inline_cards gr_disable_anim_appear ContextualSpelling ins-del multiReplace gr-progress sel\" id=\"3\" data-gr-id=\"3\">\u021b<\/g>ie<\/strong><\/p>\n\n\n\n<p class=\"has-medium-font-size\">Pentru ca inovarea s\u0103 aduc\u0103a rezultatele scontate, este important ca strategia de HR s\u0103 fie axat\u0103 \u00een primul r\u00e2nd pe&nbsp;<strong>OAMENI<\/strong>, \u0219i apoi, pe tehnologie.&nbsp;&nbsp;<\/p>\n\n\n\n<p style=\"font-size:24px\"><strong>Excelen\u021b\u0103 \u0219i <g class=\"gr_ gr_4 gr-alert gr_spell gr_inline_cards gr_disable_anim_appear ContextualSpelling ins-del multiReplace\" id=\"4\" data-gr-id=\"4\">profesionalism<\/g><\/strong><\/p>\n\n\n\n<p class=\"has-medium-font-size\">Abordarea noastr\u0103 este una opera\u0163ional\u0103 care accentueaz\u0103 relevan\u0163a practicilor HR performante ce implic\u0103 identificarea acelor avantaje competitive pe care le pot oferi doar&nbsp;<strong>OAMENII<\/strong>!<\/p>\n\n\n\n<p style=\"font-size:24px\"><strong>Adaptabilitate \u0219i <g class=\"gr_ gr_3 gr-alert gr_spell gr_inline_cards gr_disable_anim_appear ContextualSpelling ins-del multiReplace\" id=\"3\" data-gr-id=\"3\">flexibilitate<\/g><\/strong><\/p>\n\n\n\n<p class=\"has-medium-font-size\">Adopt\u00e2nd filosofia \u201cagile HR\u201d, ne propunem s\u0103 construim o valoare comuna \u00eentre client (angajator), afacere si&nbsp;<strong>OAMENI<\/strong>.&nbsp;<\/p>\n\n\n\n<p style=\"font-size:24px\"><strong><g class=\"gr_ gr_3 gr-alert gr_spell gr_inline_cards gr_disable_anim_appear ContextualSpelling ins-del multiReplace\" id=\"3\" data-gr-id=\"3\">Dedicare<\/g> \u0219i <g class=\"gr_ gr_4 gr-alert gr_spell gr_inline_cards gr_disable_anim_appear ContextualSpelling ins-del multiReplace\" id=\"4\" data-gr-id=\"4\">pasiune<\/g><\/strong><\/p>\n\n\n\n<p class=\"has-medium-font-size\">Suntem cu adev\u0103rat pasiona\u021bi de tot ceea ce facem \u0219i ne str\u0103duim s\u0103 cre\u0103m oportunit\u0103\u021bi pentru dezvoltarea personal\u0103 si profesional\u0103 a tuturor, investind \u00een crearea unei leg\u0103turi puternice dintre client (angajator) \u0219i&nbsp;<strong>OAMENI<\/strong>!<\/p>\n\n\n\n<figure class=\"wp-block-image\"><img decoding=\"async\" width=\"2136\" height=\"710\" src=\"https:\/\/conceptahr.ro\/wp-content\/uploads\/2019\/07\/Info-misiune-valori-pasiune-hr-conceptahr-resurse-umane.png\" alt=\"\" class=\"wp-image-1145\" srcset=\"http:\/\/conceptahr.ro\/wp-content\/uploads\/2019\/07\/Info-misiune-valori-pasiune-hr-conceptahr-resurse-umane.png 2136w, http:\/\/conceptahr.ro\/wp-content\/uploads\/2019\/07\/Info-misiune-valori-pasiune-hr-conceptahr-resurse-umane-300x100.png 300w, http:\/\/conceptahr.ro\/wp-content\/uploads\/2019\/07\/Info-misiune-valori-pasiune-hr-conceptahr-resurse-umane-768x255.png 768w, http:\/\/conceptahr.ro\/wp-content\/uploads\/2019\/07\/Info-misiune-valori-pasiune-hr-conceptahr-resurse-umane-1024x340.png 1024w, http:\/\/conceptahr.ro\/wp-content\/uploads\/2019\/07\/Info-misiune-valori-pasiune-hr-conceptahr-resurse-umane-800x266.png 800w\" sizes=\"(max-width: 2136px) 100vw, 2136px\" \/><\/figure>\n\n\n\n<p style=\"font-size:32px\"><strong>\u00cen loc de CONCLUZIE<\/strong><\/p>\n\n\n\n<p class=\"has-medium-font-size\">\u00cen contextul actual, c\u00e2nd pia\u021ba muncii din Rom\u00e2nia se confrunt\u0103 cu o uri\u0219\u0103 criz\u0103 de angaja\u021bi \u0219i speciali\u0219ti, tot mai multe companii \u0219i organiza\u021bii ar trebui s\u0103 fie deschise la inova\u021bie, creativitate si abord\u0103ri strategice, \u00een ceea ce prive\u0219te cea mai important\u0103 \u0219i valoroas\u0103 resurs\u0103, \u0219i anume <strong>resursa uman\u0103.<\/strong><\/p>\n\n\n\n<blockquote class=\"wp-block-quote is-style-large is-layout-flow wp-block-quote-is-layout-flow\"><p><strong>Vrei s\u0103 afli ce putem face pentru tine \u0219i pentru organiza\u021bia ta?<\/strong><\/p><p><strong> <a href=\"https:\/\/conceptahr.ro\/contact\/\">Contacteaz\u0103-ne <\/a>\u0219i i\u021bi vom \u00eemp\u0103rt\u0103\u0219i din experien\u021ba noastr\u0103.<\/strong><\/p><\/blockquote>\n\t\t\t\t\t\t\t\t<\/div>\n\t\t\t\t<\/div>\n\t\t\t\t\t<\/div>\n\t\t<\/div>\n\t\t\t\t\t<\/div>\n\t\t<\/section>\n\t\t\t\t<\/div>\n\t\t","protected":false},"excerpt":{"rendered":"<p>\u00cen loc de INTRODUCERE Probabil, \u00eentrebarea care ni se adreseaz\u0103 cel mai des este: &#8211; \u201cHR !? \u0218i, ce face\u021bi voi mai exact?\u201d Cu siguran\u021b\u0103, ne aducem aminte cu to\u021bii care erau ocupa\u021biile \u0219i aspira\u021biile \u201coamenilor de HR\u201d \u00een anii trecu\u021bi. Angajarea, administrarea de personal \u0219i salarizarea, cea din<\/p>\n<p><a class=\"more-link\" href=\"http:\/\/conceptahr.ro\/ro\/info\/\">Read More<\/a><\/p>\n","protected":false},"author":2,"featured_media":0,"parent":0,"menu_order":0,"comment_status":"closed","ping_status":"closed","template":"","meta":{"_exactmetrics_skip_tracking":false,"_exactmetrics_sitenote_active":false,"_exactmetrics_sitenote_note":"","_exactmetrics_sitenote_category":0,"footnotes":""},"class_list":["post-22","page","type-page","status-publish","hentry"],"_links":{"self":[{"href":"http:\/\/conceptahr.ro\/ro\/wp-json\/wp\/v2\/pages\/22","targetHints":{"allow":["GET"]}}],"collection":[{"href":"http:\/\/conceptahr.ro\/ro\/wp-json\/wp\/v2\/pages"}],"about":[{"href":"http:\/\/conceptahr.ro\/ro\/wp-json\/wp\/v2\/types\/page"}],"author":[{"embeddable":true,"href":"http:\/\/conceptahr.ro\/ro\/wp-json\/wp\/v2\/users\/2"}],"replies":[{"embeddable":true,"href":"http:\/\/conceptahr.ro\/ro\/wp-json\/wp\/v2\/comments?post=22"}],"version-history":[{"count":78,"href":"http:\/\/conceptahr.ro\/ro\/wp-json\/wp\/v2\/pages\/22\/revisions"}],"predecessor-version":[{"id":1194,"href":"http:\/\/conceptahr.ro\/ro\/wp-json\/wp\/v2\/pages\/22\/revisions\/1194"}],"wp:attachment":[{"href":"http:\/\/conceptahr.ro\/ro\/wp-json\/wp\/v2\/media?parent=22"}],"curies":[{"name":"wp","href":"https:\/\/api.w.org\/{rel}","templated":true}]}}